{"id":745,"date":"2016-03-10T18:51:46","date_gmt":"2016-03-10T18:51:46","guid":{"rendered":"https:\/\/default.houzez.co\/?page_id=745"},"modified":"2024-09-22T16:15:22","modified_gmt":"2024-09-22T16:15:22","slug":"politica-privacidade-e-cookies","status":"publish","type":"page","link":"https:\/\/coreimoveis.com\/pt-pt\/politica-privacidade-e-cookies\/","title":{"rendered":"Pol\u00edtica de Privacidade e de Cookies"},"content":{"rendered":"\t\t<div data-elementor-type=\"wp-page\" data-elementor-id=\"745\" class=\"elementor elementor-745\" data-elementor-post-type=\"page\">\n\t\t\t\t\t\t<section class=\"elementor-section elementor-top-section elementor-element elementor-element-44ae16d2 elementor-section-boxed elementor-section-height-default elementor-section-height-default\" data-id=\"44ae16d2\" data-element_type=\"section\">\n\t\t\t\t\t\t<div class=\"elementor-container elementor-column-gap-default\">\n\t\t\t\t\t<div class=\"elementor-column elementor-col-100 elementor-top-column elementor-element elementor-element-606f667b\" data-id=\"606f667b\" data-element_type=\"column\">\n\t\t\t<div class=\"elementor-widget-wrap elementor-element-populated\">\n\t\t\t\t\t\t<div class=\"elementor-element elementor-element-2b87b6c1 elementor-widget elementor-widget-text-editor\" data-id=\"2b87b6c1\" data-element_type=\"widget\" data-widget_type=\"text-editor.default\">\n\t\t\t\t<div class=\"elementor-widget-container\">\n\t\t\t\t\t\t\t\t\t<h2><strong>POL\u00cdTICA DE PRIVACIDADE<\/strong><\/h2><p>Preocupamo-nos com a sua privacidade e a prote\u00e7\u00e3o dos seus dados pessoais s\u00e3o muito importantes para n\u00f3s. Esta declara\u00e7\u00e3o de privacidade ir\u00e1 inform\u00e1-lo sobre como disponibiliza os seus dados pessoais e autoriza a sua recolha, uso e divulga\u00e7\u00e3o, os seus direitos de privacidade e sobre como a lei o protege. Queira por favor ler atentamente esta declara\u00e7\u00e3o de privacidade antes de usar os nossos servi\u00e7os<strong>. \u00a0\u00a0<\/strong><\/p><p>Este site \u00e9 operado por Prado Din\u00e2mico \u2013 Unipessoal, Lda., sociedade com sede na rua da Capela, n.\u00ba 21, Borralhal, 3740-172 Sever do Vouga (doravante \u201cPrado Din\u00e2mico\u201d).<\/p><p>A Prado Din\u00e2mico compromete-se a respeitar a sua privacidade e a processar os seus dados pessoais de uma forma cuidadosa e confidencial. Os dados n\u00e3o ser\u00e3o processados para quaisquer outros fins que n\u00e3o os especificados na presente Pol\u00edtica de Privacidade. O processamento de dados ser\u00e1 efetuado de acordo com a presente Pol\u00edtica de Privacidade e em respeito com o Regulamento Geral de Prote\u00e7\u00e3o de Dados (RGPD).<\/p><p><strong>Como e quando obtemos os seus dados pessoais?<\/strong><\/p><p>Os dados pessoais que tratamos s\u00e3o facultados diretamente por si (seja presencialmente, por telefone, atrav\u00e9s de um formul\u00e1rio, por e-mail ou online) por exemplo:<\/p><ul><li>quando concorda em comprar ou vender um im\u00f3vel atrav\u00e9s da Prado Din\u00e2mico ou nos pede para realizarmos uma avalia\u00e7\u00e3o;<\/li><li>quando expressa, a um dos nossos colaboradores, interesse em comprar ou vender im\u00f3veis;<\/li><li>quando subscreve a nossa Newsletter;<\/li><li>quando preenche um formul\u00e1rio na Prado Din\u00e2mico ou noutros sites onde a Prado Din\u00e2mico publicita os seus im\u00f3veis;<\/li><li>Registo autom\u00e1tico nas nossas instala\u00e7\u00f5es ou no website;<\/li><li>Quando realiza reserva em algum dos nossos Alojamentos Locais (AL).<\/li><\/ul><p>Tamb\u00e9m podemos receber os dados pessoais dos nossos utilizadores atrav\u00e9s dos nossos parceiros que lhes prestam servi\u00e7os em nosso nome (por exemplo, quando recomenda o nosso portal imobili\u00e1rio a algu\u00e9m que sabe que est\u00e1 \u00e0 procura de uma nova casa).<\/p><p><strong>Que tipos de dados s\u00e3o processados pela Prado Din\u00e2mico?<\/strong><\/p><p>A Prado Din\u00e2mico processa as informa\u00e7\u00f5es necess\u00e1rias para o contactar, como nome, contacto telef\u00f3nico, e-mail e conte\u00fado do pedido ou feedback.<\/p><p><strong>Porque tratamos os seus dados pessoais?<\/strong><\/p><p>A Prado Din\u00e2mico trata dados pessoais para cumprir os compromissos que assume consigo, nomeadamente para lhe prestarmos um servi\u00e7o completo e de qualidade, designadamente:<\/p><ul><li>Para lhe prestar os servi\u00e7os solicitados (por exemplo: nome, t\u00edtulo e informa\u00e7\u00f5es de contacto para listagem\/venda de im\u00f3veis, refer\u00eancia de im\u00f3veis);<\/li><li>Para lhe fornecer informa\u00e7\u00f5es sobre os nossos im\u00f3veis, outros eventos ou tipos de im\u00f3veis que sejam do seu interesse;<\/li><li>Para monitorizar o desempenho do nosso website e melhorar a sua experi\u00eancia de navega\u00e7\u00e3o;<\/li><li>Para lhe fornecer servi\u00e7os de media\u00e7\u00e3o de bens imobili\u00e1rios, para responder a pedidos e mensagens suas, para lhe enviar a nossa newsletter se voc\u00ea a tiver subscrito, para o contatar sobre os im\u00f3veis que podem interessar-lhe, e para analisar os seus dados de forma agregada com o objetivo de analisar o nosso neg\u00f3cio.<\/li><\/ul><p><strong>Base jur\u00eddica para o tratamento<\/strong><\/p><p>A base jur\u00eddica para o tratamento dos seus dados ser\u00e1 o nosso interesse leg\u00edtimo vigente (nos termos do n.\u00ba 1, al\u00ednea f, do artigo 6\u00ba do Regulamento Geral de Prote\u00e7\u00e3o de Dados, \u201cRGPD\u201d).<\/p><p><strong>Quem tem acesso a esses dados?<\/strong><\/p><p>A Prado Din\u00e2mico tem acesso aos dados recolhidos atrav\u00e9s do Website e uma vez recebidos s\u00e3o transferidos para a pessoa respons\u00e1vel pelo seu tratamento na Prado Din\u00e2mico.<\/p><p>Na medida do necess\u00e1rio para as finalidades acima referidas, transferiremos os seus dados pessoais para os seguintes destinat\u00e1rios:<\/p><ul><li>Gestor de hospedagem dos nossos alojamentos locais;<\/li><li>fornecedores de servi\u00e7os de Tecnologias e Marketing;<\/li><\/ul><p>Os dados pessoais dos nossos utilizadores n\u00e3o ser\u00e3o transferidos a terceiros, salvo se:<\/p><ul><li>A Prado Din\u00e2mico tiver a sua autoriza\u00e7\u00e3o expressa;<\/li><li>Estas entidades promoverem, ao abrigo de um contrato, o fornecimento dos servi\u00e7os disponibilizados pela Prado Din\u00e2mico aos nossos utilizadores;<\/li><li>Tal for exigido nos termos da lei;<\/li><li>Tal for estritamente necess\u00e1rio para assegurar o cumprimento dos nossos termos de utiliza\u00e7\u00e3o, direitos ou titularidade.<\/li><\/ul><p>Os colaboradores da Prado Din\u00e2mico e os Consultores Imobili\u00e1rios seus associados poder\u00e3o ter acesso aos seus dados pessoais, estando, no entanto, abrangidos por uma obriga\u00e7\u00e3o de confidencialidade relativamente aos dados aos quais tenham acesso no \u00e2mbito das opera\u00e7\u00f5es da respetiva base inform\u00e1tica.<\/p><p><strong>Onde s\u00e3o armazenados os dados pessoais e durante quanto tempo?<\/strong><\/p><p>Os dados que a Prado Din\u00e2mico recolhe a partir do seu website ser\u00e3o armazenados numa base de dados segura, protegida por sistema firewall e criptografia de dados.<\/p><p>O per\u00edodo de tempo durante o qual os dados s\u00e3o conservados varia de acordo com a finalidade para a qual a informa\u00e7\u00e3o \u00e9 tratada. Existem requisitos legais, todavia, que obrigam a conservar os dados por um per\u00edodo de tempo m\u00ednimo. Assim, e sempre que n\u00e3o exista uma exig\u00eancia legal espec\u00edfica, os dados ser\u00e3o conservados apenas pelo per\u00edodo m\u00ednimo necess\u00e1rio para as finalidades que motivaram a sua recolha ou o seu posterior tratamento ou, pelo per\u00edodo de tempo autorizado pela Comiss\u00e3o Nacional de Prote\u00e7\u00e3o de Dados. Se subscreveu a nossa newsletter, vamos conservar os seus dados at\u00e9 proceder ao seu cancelamento.<\/p><p><strong>Quais s\u00e3o os seus direitos no que respeita aos dados?<\/strong><\/p><p>Uma vez que queremos garantir que est\u00e1 consciente dos seus direitos e nos termos da legisla\u00e7\u00e3o aplic\u00e1vel, queremos inform\u00e1-lo que:<\/p><p>Os seus dados pessoais pertencem-lhe a si. Como tal, tem o direito de aceder, retificar, limitar, apagar e opor-se ao tratamento dos mesmos, assim como obter os mesmos junto da Prado Din\u00e2mico.<\/p><p><strong>Direito de acesso a dados pessoais<\/strong><\/p><p>Tem o direito de solicitar uma c\u00f3pia dos dados pessoais que a Prado Din\u00e2mico det\u00e9m sobre si.<\/p><p><strong>Direito de retifica\u00e7\u00e3o de dados pessoais<\/strong><\/p><p>Tem o direito de retifica\u00e7\u00e3o das informa\u00e7\u00f5es que temos sobre si, caso estas n\u00e3o estejam corretas. Se as informa\u00e7\u00f5es que tivermos sobre si necessitarem de ser atualizadas, ou se considerar que n\u00e3o s\u00e3o corretas, poder\u00e1 contactar-nos atrav\u00e9s do endere\u00e7o de correio eletr\u00f3nico: <a href=\"mailto:tratamentodedados@coreimoveis.com\">tratamentodedados@coreimoveis.com<\/a>.<\/p><p><strong>Direito \u00e0 portabilidade de dados<\/strong><\/p><p>Os Titulares de Dados t\u00eam o direito de solicitar a qualquer altura a portabilidade, em formato eletr\u00f3nico dos dados pessoais sempre que seja tecnicamente poss\u00edvel entre entidades.<\/p><p><strong>Direito \u00e0 oposi\u00e7\u00e3o ao tratamento de dados pessoais<\/strong><\/p><p>Tem direito de se opor ao tratamento de dados pessoais que lhe digam respeito. Para oposi\u00e7\u00e3o a outros tratamentos de dados realizados com base no interesse leg\u00edtimo da Prado Din\u00e2mico, contacte-nos atrav\u00e9s do e-mail: tratamentodedados@coreimoveis.pt.<\/p><p><strong>Direito \u00e0 limita\u00e7\u00e3o do tratamento dos seus dados<\/strong><\/p><p>Se considerar que os seus dados est\u00e3o incorretos ou se considerar que n\u00e3o devemos proceder ao seu tratamento, dever\u00e1 contactar-nos.<\/p><p><strong>Direito de apagamento<\/strong><\/p><p>A Prado Din\u00e2mico esfor\u00e7a-se por apenas tratar e armazenar os seus dados durante o tempo estritamente necess\u00e1rio \u00e0 prossecu\u00e7\u00e3o das respetivas finalidades. Em determinadas circunst\u00e2ncias, tem o direito de solicitar que apaguemos os seus dados pessoais. Se considerar que estamos a conservar os seus dados durante mais tempo do que o necess\u00e1rio, dever\u00e1 come\u00e7ar por verificar se o servi\u00e7o que a Prado Din\u00e2mico prestou, j\u00e1 terminou. Poderemos ainda, assim, ter fundamento legal para o tratamento de algumas categorias dos seus dados pessoais, nomeadamente os dados relativos ao cumprimento de obriga\u00e7\u00f5es contabil\u00edsticas e fiscais.<\/p><p>Caso retire o seu consentimento, tal n\u00e3o compromete a licitude do tratamento efetuado at\u00e9 essa data.<\/p><p>Tem o direito a apresentar queixa junto da autoridade de prote\u00e7\u00e3o de dados competente. Em Portugal, esta autoridade \u00e9 a Comiss\u00e3o Nacional de Prote\u00e7\u00e3o de Dados (CNPD).<\/p><p>A Prado Din\u00e2mico reserva-se no direito de a qualquer altura, proceder a reajustamentos ou altera\u00e7\u00f5es \u00e0 presente Pol\u00edtica de Privacidade, sendo essas altera\u00e7\u00f5es devidamente publicitadas neste Website.<\/p><p><strong>Liga\u00e7\u00f5es para outros sites<\/strong><\/p><p>O Website poder\u00e1 conter links para outros s\u00edtios de Internet, ou para outras aplica\u00e7\u00f5es, incluindo dos nossos parceiros. Caso aceda a um desses links, note que cada um ter\u00e1 a sua pr\u00f3pria pol\u00edtica de privacidade e a Prado Din\u00e2mico n\u00e3o se poder\u00e1 responsabilizar por essas pol\u00edticas. \u00c9 aconselh\u00e1vel a leitura das pol\u00edticas de privacidade de outros s\u00edtios de Internet antes de submeter dados pessoais atrav\u00e9s dos mesmos.<\/p><p><strong>Contacte-nos<\/strong><\/p><p>Em caso de d\u00favida sobre esta Pol\u00edtica de Privacidade ou caso pretenda exercer qualquer um dos seus direitos referidos supra, por favor queira contactar-nos atrav\u00e9s de mensagem de correio eletr\u00f3nico: <a href=\"mailto:tratamentodedados@coreimoveis.com\">tratamentodedados@coreimoveis.com<\/a><\/p><h2><strong>POL\u00cdTICA DE COOKIES<\/strong><\/h2><p>Os cookies s\u00e3o pequenos ficheiros de texto que o navegador de internet (browser) armazena no seu computador\/dispositivo m\u00f3vel quando visita um site. Isto ajudar\u00e1 o website a reconhecer o seu dispositivo na pr\u00f3xima vez que o visitar permitindo uma navega\u00e7\u00e3o mais eficiente, n\u00e3o sendo necess\u00e1rio introduzir repetidamente as mesmas informa\u00e7\u00f5es.<\/p><p>Os cookies utilizados n\u00e3o recolhem informa\u00e7\u00e3o que identifica o utilizador. Os cookies recolhem informa\u00e7\u00f5es gen\u00e9ricas e relacionada com as suas prefer\u00eancias, tais como a forma como os utilizadores chegam e utilizam o website ou a zona do pa\u00eds\/pa\u00edses atrav\u00e9s do qual acedem, etc.<\/p><p>Todos os browsers permitem ao utilizador aceitar, recusar ou apagar cookies.<\/p><p>Pode encontrar informa\u00e7\u00e3o como gerir cookies nos diferentes browsers em www.allaboutcookies.org\/manage-cookies.<\/p><p>Ao recusar o uso de cookies, pode impedir que alguns servi\u00e7os da web funcionem corretamente, o que pode comprometer a navega\u00e7\u00e3o deste website.<\/p><p><strong>Que tipo de cookies existem?<\/strong><\/p><p><u>Cookies permanentes<\/u><\/p><p>S\u00e3o cookies que ficam armazenados no browser no seu computador ou dispositivo m\u00f3vel e que s\u00e3o utilizados sempre que faz uma nova visita ao nosso website. S\u00e3o utilizados, geralmente, para direcionar a navega\u00e7\u00e3o aos seus interesses o que nos permite prestar um servi\u00e7o mais personalizado.<\/p><p><u>Cookies de sess\u00e3o<\/u><\/p><p>S\u00e3o cookies tempor\u00e1rios que permanecem no arquivo de cookies do seu browser apenas enquanto utiliza o website. A informa\u00e7\u00e3o obtida por estes cookies serve para analisar padr\u00f5es de tr\u00e1fego na web.<\/p><p><strong>Quais os tipos de cookies utilizados pelo nosso website?<\/strong><\/p><p><u>Cookies estritamente necess\u00e1rios\/ essenciais<\/u><\/p><p>Permitem que navegue no website e utilize as suas aplica\u00e7\u00f5es, bem como aceder a \u00e1reas seguras do website. Sem estes cookies, os servi\u00e7os que tenha requerido n\u00e3o podem ser prestados.<\/p><p><u>Cookies Anal\u00edticos<\/u><\/p><p>S\u00e3o utilizados para efeitos de cria\u00e7\u00e3o e an\u00e1lise de estat\u00edsticas, no sentido de melhorar o funcionamento do website, sem nunca recolher informa\u00e7\u00e3o de car\u00e1ter pessoal.<\/p><p><u>Cookies de Funcionalidade<\/u><\/p><p>Guardam as prefer\u00eancias do utilizador relativamente \u00e0 utiliza\u00e7\u00e3o do website, de forma que n\u00e3o seja necess\u00e1rio voltar a configurar o website cada vez que o visita.<\/p><p>A Prado Din\u00e2mico utiliza, no seu Website, cookies que permitem melhorar o desempenho e a experi\u00eancia de navega\u00e7\u00e3o dos nossos utilizadores, aumentando, por um lado, a rapidez e efici\u00eancia de resposta e, por outro, eliminando a necessidade de introduzir repetidamente as mesmas informa\u00e7\u00f5es. A coloca\u00e7\u00e3o de cookies n\u00e3o s\u00f3 ajuda o website a reconhecer o dispositivo do utilizador na pr\u00f3xima vez que nos visita, mas tamb\u00e9m ser\u00e1 imprescind\u00edvel para o funcionamento do mesmo. Os cookies usados pela Prado Din\u00e2mico, no seu website, n\u00e3o recolhem informa\u00e7\u00f5es pessoais que permitam identificar o utilizador, guardando apenas informa\u00e7\u00f5es gen\u00e9ricas, designadamente, a forma e\/ou local de acesso do utilizador e o modo como usa o website. Os cookies ret\u00eam apenas informa\u00e7\u00e3o relacionada com as prefer\u00eancias do Utilizador.<\/p>\t\t\t\t\t\t\t\t<\/div>\n\t\t\t\t<\/div>\n\t\t\t\t\t<\/div>\n\t\t<\/div>\n\t\t\t\t\t<\/div>\n\t\t<\/section>\n\t\t\t\t<\/div>\n\t\t","protected":false},"excerpt":{"rendered":"<p>POL\u00cdTICA DE PRIVACIDADE Preocupamo-nos com a sua privacidade e a prote\u00e7\u00e3o dos seus dados pessoais s\u00e3o muito importantes para n\u00f3s. Esta declara\u00e7\u00e3o de privacidade ir\u00e1 inform\u00e1-lo sobre como disponibiliza os seus dados pessoais e autoriza a sua recolha, uso e divulga\u00e7\u00e3o, os seus direitos de privacidade e sobre como a lei o protege. Queira por [&hellip;]<\/p>\n","protected":false},"author":1,"featured_media":0,"parent":0,"menu_order":0,"comment_status":"closed","ping_status":"closed","template":"elementor_header_footer","meta":{"content-type":"","footnotes":""},"class_list":["post-745","page","type-page","status-publish","hentry"],"_links":{"self":[{"href":"https:\/\/coreimoveis.com\/pt-pt\/wp-json\/wp\/v2\/pages\/745","targetHints":{"allow":["GET"]}}],"collection":[{"href":"https:\/\/coreimoveis.com\/pt-pt\/wp-json\/wp\/v2\/pages"}],"about":[{"href":"https:\/\/coreimoveis.com\/pt-pt\/wp-json\/wp\/v2\/types\/page"}],"author":[{"embeddable":true,"href":"https:\/\/coreimoveis.com\/pt-pt\/wp-json\/wp\/v2\/users\/1"}],"replies":[{"embeddable":true,"href":"https:\/\/coreimoveis.com\/pt-pt\/wp-json\/wp\/v2\/comments?post=745"}],"version-history":[{"count":3,"href":"https:\/\/coreimoveis.com\/pt-pt\/wp-json\/wp\/v2\/pages\/745\/revisions"}],"predecessor-version":[{"id":197128,"href":"https:\/\/coreimoveis.com\/pt-pt\/wp-json\/wp\/v2\/pages\/745\/revisions\/197128"}],"wp:attachment":[{"href":"https:\/\/coreimoveis.com\/pt-pt\/wp-json\/wp\/v2\/media?parent=745"}],"curies":[{"name":"wp","href":"https:\/\/api.w.org\/{rel}","templated":true}]}}