{"id":199759,"date":"2025-01-18T20:18:29","date_gmt":"2025-01-18T20:18:29","guid":{"rendered":"https:\/\/coreimoveis.com\/vendido-e-alugado\/"},"modified":"2025-07-16T10:50:46","modified_gmt":"2025-07-16T10:50:46","slug":"vendido-e-alugado","status":"publish","type":"page","link":"https:\/\/coreimoveis.com\/pt-pt\/vendido-e-alugado\/","title":{"rendered":"Vendido e alugado"},"content":{"rendered":"\t\t<div data-elementor-type=\"wp-page\" data-elementor-id=\"199759\" class=\"elementor elementor-199759 elementor-199215\" data-elementor-post-type=\"page\">\n\t\t\t\t\t\t<section class=\"elementor-section elementor-top-section elementor-element elementor-element-d5a86f4 elementor-section-full_width elementor-section-items-stretch elementor-section-content-middle elementor-reverse-mobile elementor-reverse-tablet elementor-section-stretched elementor-section-height-min-height elementor-section-height-default\" data-id=\"d5a86f4\" data-element_type=\"section\" data-settings=\"{&quot;background_background&quot;:&quot;classic&quot;,&quot;stretch_section&quot;:&quot;section-stretched&quot;}\">\n\t\t\t\t\t\t<div class=\"elementor-container elementor-column-gap-no\">\n\t\t\t\t\t<div class=\"elementor-column elementor-col-100 elementor-top-column elementor-element elementor-element-1af08a3\" data-id=\"1af08a3\" data-element_type=\"column\">\n\t\t\t<div class=\"elementor-widget-wrap\">\n\t\t\t\t\t\t\t<\/div>\n\t\t<\/div>\n\t\t\t\t\t<\/div>\n\t\t<\/section>\n\t\t\t\t<section class=\"elementor-section elementor-top-section elementor-element elementor-element-a215067 elementor-section-boxed elementor-section-height-default elementor-section-height-default\" data-id=\"a215067\" data-element_type=\"section\">\n\t\t\t\t\t\t<div class=\"elementor-container elementor-column-gap-default\">\n\t\t\t\t\t<div class=\"elementor-column elementor-col-100 elementor-top-column elementor-element elementor-element-9cc95c9\" data-id=\"9cc95c9\" data-element_type=\"column\">\n\t\t\t<div class=\"elementor-widget-wrap elementor-element-populated\">\n\t\t\t\t\t\t<div class=\"elementor-element elementor-element-0f6aecf elementor-widget elementor-widget-heading\" data-id=\"0f6aecf\" data-element_type=\"widget\" data-widget_type=\"heading.default\">\n\t\t\t\t<div class=\"elementor-widget-container\">\n\t\t\t\t\t<h1 class=\"elementor-heading-title elementor-size-default\">Dos sonhos \u00e0 realidade: Propriedades Vendidas e Arrendadas<\/h1>\t\t\t\t<\/div>\n\t\t\t\t<\/div>\n\t\t\t\t\t<\/div>\n\t\t<\/div>\n\t\t\t\t\t<\/div>\n\t\t<\/section>\n\t\t\t\t<section class=\"elementor-section elementor-top-section elementor-element elementor-element-d9d7956 elementor-section-boxed elementor-section-height-default elementor-section-height-default\" data-id=\"d9d7956\" data-element_type=\"section\">\n\t\t\t\t\t\t<div class=\"elementor-container elementor-column-gap-default\">\n\t\t\t\t\t<div class=\"elementor-column elementor-col-100 elementor-top-column elementor-element elementor-element-f635e84\" data-id=\"f635e84\" data-element_type=\"column\">\n\t\t\t<div class=\"elementor-widget-wrap elementor-element-populated\">\n\t\t\t\t\t\t<div class=\"elementor-element elementor-element-8408b4a elementor-widget elementor-widget-heading\" data-id=\"8408b4a\" data-element_type=\"widget\" data-widget_type=\"heading.default\">\n\t\t\t\t<div class=\"elementor-widget-container\">\n\t\t\t\t\t<h4 class=\"elementor-heading-title elementor-size-default\">\"Confiado por muitos - Cada neg\u00f3cio conta uma hist\u00f3ria<\/h4>\t\t\t\t<\/div>\n\t\t\t\t<\/div>\n\t\t\t\t\t<\/div>\n\t\t<\/div>\n\t\t\t\t\t<\/div>\n\t\t<\/section>\n\t\t\t\t<section class=\"elementor-section elementor-top-section elementor-element elementor-element-fc80337 elementor-section-boxed elementor-section-height-default elementor-section-height-default\" data-id=\"fc80337\" data-element_type=\"section\">\n\t\t\t\t\t\t<div class=\"elementor-container elementor-column-gap-default\">\n\t\t\t\t\t<div class=\"elementor-column elementor-col-100 elementor-top-column elementor-element elementor-element-8052db6\" data-id=\"8052db6\" data-element_type=\"column\">\n\t\t\t<div class=\"elementor-widget-wrap elementor-element-populated\">\n\t\t\t\t\t\t<div class=\"elementor-element elementor-element-d751430 elementor-widget elementor-widget-houzez_elementor_property-card-v2\" data-id=\"d751430\" data-element_type=\"widget\" data-widget_type=\"houzez_elementor_property-card-v2.default\">\n\t\t\t\t<div class=\"elementor-widget-container\">\n\t\t\t\t\t    <div id=\"properties_module_section\" class=\"property-cards-module property-cards-module-v2 property-cards-module-col-3\">\n        <div id=\"module_properties\" class=\"listing-view grid-view row row-cols-1 row-cols-md-2 row-cols-lg-3 gy-4 gx-4\">\n            <div class=\"p-4 bg-white\">\n\t<p class=\"text-center my-4 fs-5\">Nenhum an\u00fancio encontrado.<\/p>\n<\/div>        <\/div><!-- listing-view -->\n\n            <\/div><!-- property-grid-module -->\n    \t\t\t\t<\/div>\n\t\t\t\t<\/div>\n\t\t\t\t\t<\/div>\n\t\t<\/div>\n\t\t\t\t\t<\/div>\n\t\t<\/section>\n\t\t\t\t<\/div>\n\t\t","protected":false},"excerpt":{"rendered":"<p>Dos sonhos \u00e0 realidade: Propriedades Vendidas e Arrendadas &#8220;Confiado por muitos &#8211; Cada neg\u00f3cio conta uma hist\u00f3ria No listing found.<\/p>\n","protected":false},"author":1,"featured_media":0,"parent":0,"menu_order":0,"comment_status":"closed","ping_status":"closed","template":"elementor_header_footer","meta":{"content-type":"","footnotes":""},"class_list":["post-199759","page","type-page","status-publish","hentry"],"_links":{"self":[{"href":"https:\/\/coreimoveis.com\/pt-pt\/wp-json\/wp\/v2\/pages\/199759","targetHints":{"allow":["GET"]}}],"collection":[{"href":"https:\/\/coreimoveis.com\/pt-pt\/wp-json\/wp\/v2\/pages"}],"about":[{"href":"https:\/\/coreimoveis.com\/pt-pt\/wp-json\/wp\/v2\/types\/page"}],"author":[{"embeddable":true,"href":"https:\/\/coreimoveis.com\/pt-pt\/wp-json\/wp\/v2\/users\/1"}],"replies":[{"embeddable":true,"href":"https:\/\/coreimoveis.com\/pt-pt\/wp-json\/wp\/v2\/comments?post=199759"}],"version-history":[{"count":3,"href":"https:\/\/coreimoveis.com\/pt-pt\/wp-json\/wp\/v2\/pages\/199759\/revisions"}],"predecessor-version":[{"id":202502,"href":"https:\/\/coreimoveis.com\/pt-pt\/wp-json\/wp\/v2\/pages\/199759\/revisions\/202502"}],"wp:attachment":[{"href":"https:\/\/coreimoveis.com\/pt-pt\/wp-json\/wp\/v2\/media?parent=199759"}],"curies":[{"name":"wp","href":"https:\/\/api.w.org\/{rel}","templated":true}]}}